{"id":87,"date":"2021-05-31T22:52:03","date_gmt":"2021-05-31T21:52:03","guid":{"rendered":"https:\/\/crypto.wordifysites.com\/?page_id=87"},"modified":"2022-11-21T17:03:05","modified_gmt":"2022-11-21T16:03:05","slug":"credits","status":"publish","type":"page","link":"https:\/\/www.bertuzzo.com\/en\/credits\/","title":{"rendered":"Credits"},"content":{"rendered":"<p>The Bertuzzo website was designed and realised by Auxonet SRL<\/p>\n\n\n\n<p>Auxonet is an agency specialised in the WEB sector, for 20 years in fact it has dealt exclusively with web services, it is accredited to the NIC (Italian register https:\/\/www.nic.it\/registrar\/auxo-reg ) as a registrar signing the code of ethics. Distinguished by its original and innovative style and design, it offers a strategic approach to its clients with professionalism and continuous updates following market trends to make its services increasingly effective.<\/p>\n\n\n\n<p>If you want a tailor-made site that is effective, fast and brings real contacts, visit our site&nbsp;<a href=\"https:\/\/www.auxonet.com\/\" target=\"_blank\" rel=\"noopener\">Auxonet<\/a><\/p>","protected":false},"excerpt":{"rendered":"<p>Il sito di Bertuzzo \u00e8 stato progettato e realizzato da Auxonet SRL Auxonet \u00e8 un Agenzia specializzata nel settore WEB, da 19 anni infatti si occupa esclusivamente di servizi web, \u00e8 accreditata al NIC (registro Italiano https:\/\/www.nic.it\/registrar\/auxo-reg ) come registar firmando il codice etico. Si distingue per lo stile e il design originali e innovativi, &#8230; <a title=\"Credits\" class=\"read-more\" href=\"https:\/\/www.bertuzzo.com\/en\/credits\/\" aria-label=\"More on Credits\">Read more<\/a><\/p>","protected":false},"author":1,"featured_media":0,"parent":0,"menu_order":0,"comment_status":"closed","ping_status":"closed","template":"","meta":{"footnotes":""},"class_list":["post-87","page","type-page","status-publish"],"_links":{"self":[{"href":"https:\/\/www.bertuzzo.com\/en\/wp-json\/wp\/v2\/pages\/87","targetHints":{"allow":["GET"]}}],"collection":[{"href":"https:\/\/www.bertuzzo.com\/en\/wp-json\/wp\/v2\/pages"}],"about":[{"href":"https:\/\/www.bertuzzo.com\/en\/wp-json\/wp\/v2\/types\/page"}],"author":[{"embeddable":true,"href":"https:\/\/www.bertuzzo.com\/en\/wp-json\/wp\/v2\/users\/1"}],"replies":[{"embeddable":true,"href":"https:\/\/www.bertuzzo.com\/en\/wp-json\/wp\/v2\/comments?post=87"}],"version-history":[{"count":3,"href":"https:\/\/www.bertuzzo.com\/en\/wp-json\/wp\/v2\/pages\/87\/revisions"}],"predecessor-version":[{"id":69647,"href":"https:\/\/www.bertuzzo.com\/en\/wp-json\/wp\/v2\/pages\/87\/revisions\/69647"}],"wp:attachment":[{"href":"https:\/\/www.bertuzzo.com\/en\/wp-json\/wp\/v2\/media?parent=87"}],"curies":[{"name":"wp","href":"https:\/\/api.w.org\/{rel}","templated":true}]}}